{"id":3735,"date":"2025-02-24T15:31:11","date_gmt":"2025-02-24T13:31:11","guid":{"rendered":"https:\/\/www3.lund.fi\/?page_id=3735"},"modified":"2026-01-27T15:30:27","modified_gmt":"2026-01-27T13:30:27","slug":"glasdorrar","status":"publish","type":"page","link":"https:\/\/www.lund.fi\/fi\/glas\/glasdorrar\/","title":{"rendered":"Glasd\u00f6rrar"},"content":{"rendered":"<p><div class=\"fusion-fullwidth fullwidth-box fusion-builder-row-1 fusion-flex-container has-pattern-background has-mask-background nonhundred-percent-fullwidth non-hundred-percent-height-scrolling fusion-no-small-visibility fusion-custom-z-index\" style=\"--awb-border-radius-top-left:0px;--awb-border-radius-top-right:0px;--awb-border-radius-bottom-right:0px;--awb-border-radius-bottom-left:0px;--awb-z-index:2;--awb-margin-top:3px;--awb-flex-wrap:wrap;\" ><div class=\"fusion-builder-row fusion-row fusion-flex-align-items-stretch fusion-flex-content-wrap\" style=\"max-width:calc( 1600px + 3px );margin-left: calc(-3px \/ 2 );margin-right: calc(-3px \/ 2 );\"><div class=\"fusion-layout-column fusion_builder_column fusion-builder-column-0 fusion_builder_column_1_2 1_2 fusion-flex-column\" style=\"--awb-bg-size:cover;--awb-width-large:50%;--awb-margin-top-large:0px;--awb-spacing-right-large:1.5px;--awb-margin-bottom-large:3px;--awb-spacing-left-large:1.5px;--awb-width-medium:50%;--awb-order-medium:0;--awb-spacing-right-medium:1.5px;--awb-spacing-left-medium:1.5px;--awb-width-small:100%;--awb-order-small:0;--awb-spacing-right-small:1.5px;--awb-spacing-left-small:1.5px;\" data-scroll-devices=\"small-visibility,medium-visibility,large-visibility\"><div class=\"fusion-column-wrapper fusion-column-has-shadow fusion-flex-justify-content-flex-start fusion-content-layout-column\"><div class=\"fusion-image-element\" style=\"--awb-caption-title-font-family:var(--h2_typography-font-family);--awb-caption-title-font-weight:var(--h2_typography-font-weight);--awb-caption-title-font-style:var(--h2_typography-font-style);--awb-caption-title-size:var(--h2_typography-font-size);--awb-caption-title-transform:var(--h2_typography-text-transform);--awb-caption-title-line-height:var(--h2_typography-line-height);--awb-caption-title-letter-spacing:var(--h2_typography-letter-spacing);\"><span class=\"fusion-imageframe imageframe-none imageframe-1 hover-type-none\"><img decoding=\"async\" width=\"1200\" height=\"800\" title=\"glasd\u00f6rr\" src=\"https:\/\/www3.lund.fi\/wp-content\/uploads\/2025\/03\/glasdorr.jpg\" alt class=\"img-responsive wp-image-4253\" srcset=\"https:\/\/www.lund.fi\/wp-content\/uploads\/2025\/03\/glasdorr-200x133.jpg 200w, https:\/\/www.lund.fi\/wp-content\/uploads\/2025\/03\/glasdorr-400x267.jpg 400w, https:\/\/www.lund.fi\/wp-content\/uploads\/2025\/03\/glasdorr-600x400.jpg 600w, https:\/\/www.lund.fi\/wp-content\/uploads\/2025\/03\/glasdorr-800x533.jpg 800w, https:\/\/www.lund.fi\/wp-content\/uploads\/2025\/03\/glasdorr.jpg 1200w\" sizes=\"(max-width: 1046px) 100vw, 800px\" \/><\/span><\/div><\/div><\/div><div class=\"fusion-layout-column fusion_builder_column fusion-builder-column-1 fusion_builder_column_1_2 1_2 fusion-flex-column\" style=\"--awb-padding-top:35px;--awb-padding-right:65px;--awb-padding-bottom:35px;--awb-padding-left:65px;--awb-bg-color:#0e0e0e;--awb-bg-color-hover:#0e0e0e;--awb-bg-size:cover;--awb-width-large:50%;--awb-margin-top-large:0px;--awb-spacing-right-large:1.5px;--awb-margin-bottom-large:3px;--awb-spacing-left-large:1.5px;--awb-width-medium:50%;--awb-order-medium:0;--awb-spacing-right-medium:1.5px;--awb-spacing-left-medium:1.5px;--awb-width-small:100%;--awb-order-small:0;--awb-spacing-right-small:1.5px;--awb-spacing-left-small:1.5px;\" data-scroll-devices=\"small-visibility,medium-visibility,large-visibility\"><div class=\"fusion-column-wrapper fusion-column-has-shadow fusion-flex-justify-content-center fusion-content-layout-column\"><div class=\"fusion-text fusion-text-1\" style=\"--awb-font-size:52px;--awb-line-height:1;--awb-text-color:#ffffff;--awb-text-font-family:&quot;Oswald&quot;;--awb-text-font-style:normal;--awb-text-font-weight:700;\"><p style=\"text-align: left;\">LASIOVET<\/p>\n<\/div><div class=\"fusion-text fusion-text-2\" style=\"--awb-font-size:13px;--awb-line-height:1.2;--awb-text-color:#c5c5c5;--awb-text-font-family:&quot;Inclusive Sans&quot;;--awb-text-font-style:normal;--awb-text-font-weight:400;\"><p>Lasiovia k\u00e4ytet\u00e4\u00e4n eniten sis\u00e4tiloissa; v\u00e4liseiniss\u00e4 <a href=\"https:\/\/www.lund.fi\/fi\/glas\/bastuglas\/\"><span style=\"color: #ffffff;\"><strong>saunassa<\/strong><\/span><\/a> tai <span style=\"color: #ffffff;\"><strong><a style=\"color: #ffffff;\" href=\"https:\/\/www.lund.fi\/fi\/glas\/duschglas\/\">suihuseiniss\u00e4<\/a><\/strong><\/span>. Saranat sopii kaikkiin tiloihin, mutta kylpyhuoneessa k\u00e4ytet\u00e4\u00e4n erityyppist\u00e4 tiivistett\u00e4 joka kest\u00e4\u00e4 kosteutta sek\u00e4 l\u00e4mp\u00f6tilamuutoksia. Lasityyppi on karkaistu lasi, paksuus riippuu koosta ja heloista sek\u00e4 mink\u00e4 j\u00e4rjestelm\u00e4n valitsee. Saranat saa mm.mustana, kromattuna, mattana tai harjattuna alumiinina.<\/p>\n<p>Haluatko lis\u00e4\u00e4 tietoa lasiliukuovista? <a href=\"https:\/\/www3.lund.fi\/wp-content\/uploads\/2025\/04\/season-sweden-broschyr2015.pdf\" target=\"_blank\" rel=\"noopener\"><span style=\"color: #ffffff;\"><b>Season<\/b><\/span><\/a> j\u00e4rjestelm\u00e4\u00e4 k\u00e4ytet\u00e4\u00e4n ulkotiloissa terassin lasituksessa. Lue lis\u00e4\u00e4 lasiliukuovista sis\u00e4tiloihin linkin kautta <a href=\"https:\/\/www3.lund.fi\/wp-content\/uploads\/2025\/04\/MUTO.pdf\" target=\"_blank\" rel=\"noopener\"><span style=\"color: #ffffff;\"><b>Dorma Muto.<\/b><\/span><\/a><\/p>\n<table style=\"border-collapse: collapse; width: 100%;\">\n<tbody>\n<tr>\n<td style=\"width: 50%;\">\n<table style=\"border-collapse: collapse; width: 100%;\">\n<tbody>\n<tr>\n<td style=\"width: 25%;\"><a href=\"https:\/\/www3.lund.fi\/wp-content\/uploads\/2025\/04\/season-sweden-broschyr2015.pdf\" target=\"_blank\" rel=\"noopener\"><img decoding=\"async\" class=\"alignnone size-full wp-image-5331\" src=\"https:\/\/www3.lund.fi\/wp-content\/uploads\/2025\/04\/esite-.png\" alt=\"\" width=\"65\" height=\"80\" srcset=\"https:\/\/www.lund.fi\/wp-content\/uploads\/2025\/04\/esite--10x12.png 10w, https:\/\/www.lund.fi\/wp-content\/uploads\/2025\/04\/esite-.png 65w\" sizes=\"(max-width: 65px) 100vw, 65px\" \/><\/a><\/td>\n<td style=\"width: 25%;\"><a href=\"https:\/\/www3.lund.fi\/wp-content\/uploads\/2025\/04\/season-sweden-broschyr2015.pdf\" target=\"_blank\" rel=\"noopener\"><span style=\"color: #ffffff;\"><b>Season<\/b><\/span><\/a><\/td>\n<td style=\"width: 25%;\"><a href=\"https:\/\/www3.lund.fi\/wp-content\/uploads\/2025\/04\/MUTO.pdf\" target=\"_blank\" rel=\"noopener\"><img decoding=\"async\" class=\"alignnone size-full wp-image-5331\" src=\"https:\/\/www3.lund.fi\/wp-content\/uploads\/2025\/04\/esite-.png\" alt=\"\" width=\"65\" height=\"80\" srcset=\"https:\/\/www.lund.fi\/wp-content\/uploads\/2025\/04\/esite--10x12.png 10w, https:\/\/www.lund.fi\/wp-content\/uploads\/2025\/04\/esite-.png 65w\" sizes=\"(max-width: 65px) 100vw, 65px\" \/><\/a><\/td>\n<td style=\"width: 25%;\"><a href=\"https:\/\/www3.lund.fi\/wp-content\/uploads\/2025\/04\/MUTO.pdf\" target=\"_blank\" rel=\"noopener\"><span style=\"color: #ffffff;\"><b>Dorma Muto<\/b><\/span><\/a><\/td>\n<\/tr>\n<\/tbody>\n<\/table>\n<\/td>\n<td style=\"width: 50%;\"><\/td>\n<\/tr>\n<\/tbody>\n<\/table>\n<\/div><\/div><\/div><\/div><\/div><div class=\"fusion-fullwidth fullwidth-box fusion-builder-row-2 fusion-flex-container has-pattern-background has-mask-background nonhundred-percent-fullwidth non-hundred-percent-height-scrolling fusion-no-medium-visibility fusion-no-large-visibility fusion-custom-z-index\" style=\"--awb-border-radius-top-left:0px;--awb-border-radius-top-right:0px;--awb-border-radius-bottom-right:0px;--awb-border-radius-bottom-left:0px;--awb-z-index:2;--awb-margin-top:3px;--awb-flex-wrap:wrap;\" ><div class=\"fusion-builder-row fusion-row fusion-flex-align-items-stretch fusion-flex-content-wrap\" style=\"max-width:calc( 1600px + 3px );margin-left: calc(-3px \/ 2 );margin-right: calc(-3px \/ 2 );\"><div class=\"fusion-layout-column fusion_builder_column fusion-builder-column-2 fusion_builder_column_1_2 1_2 fusion-flex-column\" style=\"--awb-bg-size:cover;--awb-width-large:50%;--awb-margin-top-large:0px;--awb-spacing-right-large:1.5px;--awb-margin-bottom-large:3px;--awb-spacing-left-large:1.5px;--awb-width-medium:50%;--awb-order-medium:0;--awb-spacing-right-medium:1.5px;--awb-spacing-left-medium:1.5px;--awb-width-small:100%;--awb-order-small:0;--awb-spacing-right-small:1.5px;--awb-spacing-left-small:1.5px;\" data-scroll-devices=\"small-visibility,medium-visibility,large-visibility\"><div class=\"fusion-column-wrapper fusion-column-has-shadow fusion-flex-justify-content-flex-start fusion-content-layout-column\"><div class=\"fusion-image-element\" style=\"--awb-caption-title-font-family:var(--h2_typography-font-family);--awb-caption-title-font-weight:var(--h2_typography-font-weight);--awb-caption-title-font-style:var(--h2_typography-font-style);--awb-caption-title-size:var(--h2_typography-font-size);--awb-caption-title-transform:var(--h2_typography-text-transform);--awb-caption-title-line-height:var(--h2_typography-line-height);--awb-caption-title-letter-spacing:var(--h2_typography-letter-spacing);\"><span class=\"fusion-imageframe imageframe-none imageframe-2 hover-type-none\"><img decoding=\"async\" width=\"1200\" height=\"800\" title=\"glasd\u00f6rr\" src=\"https:\/\/www3.lund.fi\/wp-content\/uploads\/2025\/03\/glasdorr.jpg\" alt class=\"img-responsive wp-image-4253\" srcset=\"https:\/\/www.lund.fi\/wp-content\/uploads\/2025\/03\/glasdorr-200x133.jpg 200w, https:\/\/www.lund.fi\/wp-content\/uploads\/2025\/03\/glasdorr-400x267.jpg 400w, https:\/\/www.lund.fi\/wp-content\/uploads\/2025\/03\/glasdorr-600x400.jpg 600w, https:\/\/www.lund.fi\/wp-content\/uploads\/2025\/03\/glasdorr-800x533.jpg 800w, https:\/\/www.lund.fi\/wp-content\/uploads\/2025\/03\/glasdorr.jpg 1200w\" sizes=\"(max-width: 1046px) 100vw, 800px\" \/><\/span><\/div><\/div><\/div><div class=\"fusion-layout-column fusion_builder_column fusion-builder-column-3 fusion_builder_column_1_2 1_2 fusion-flex-column\" style=\"--awb-padding-top:25px;--awb-padding-right:25px;--awb-padding-bottom:25px;--awb-padding-left:25px;--awb-bg-color:#0e0e0e;--awb-bg-color-hover:#0e0e0e;--awb-bg-size:cover;--awb-width-large:50%;--awb-margin-top-large:0px;--awb-spacing-right-large:1.5px;--awb-margin-bottom-large:3px;--awb-spacing-left-large:1.5px;--awb-width-medium:50%;--awb-order-medium:0;--awb-spacing-right-medium:1.5px;--awb-spacing-left-medium:1.5px;--awb-width-small:100%;--awb-order-small:0;--awb-spacing-right-small:1.5px;--awb-spacing-left-small:1.5px;\" data-scroll-devices=\"small-visibility,medium-visibility,large-visibility\"><div class=\"fusion-column-wrapper fusion-column-has-shadow fusion-flex-justify-content-center fusion-content-layout-column\"><div class=\"fusion-text fusion-text-3\" style=\"--awb-font-size:24px;--awb-line-height:1;--awb-text-color:#ffffff;--awb-text-font-family:&quot;Oswald&quot;;--awb-text-font-style:normal;--awb-text-font-weight:700;\"><p style=\"text-align: left;\">LASIOVET<\/p>\n<\/div><div class=\"fusion-text fusion-text-4\" style=\"--awb-font-size:13px;--awb-line-height:1.2;--awb-text-color:#c5c5c5;--awb-text-font-family:&quot;Inclusive Sans&quot;;--awb-text-font-style:normal;--awb-text-font-weight:400;\"><p>Lasiovia k\u00e4ytet\u00e4\u00e4n eniten sis\u00e4tiloissa; v\u00e4liseiniss\u00e4, saunassa ja suihkussa. Saranat sopii kaikkiin tiloihin, mutta kylpyhuoneessa k\u00e4ytet\u00e4\u00e4n erityyppist\u00e4 tiivistett\u00e4 joka kest\u00e4\u00e4 kosteutta sek\u00e4 l\u00e4mp\u00f6tilamuutoksia. Lasityyppi on karkaistu lasi, paksuus riippuu koosta ja heloista sek\u00e4 mink\u00e4 j\u00e4rjestelm\u00e4n valitsee. Saranat saa mm.mustana, kromattuna, mattana tai harjattuna alumiinina.<\/p>\n<p>Haluatko lis\u00e4\u00e4 tietoa lasiliukuovista? <a href=\"https:\/\/www3.lund.fi\/wp-content\/uploads\/2025\/04\/season-sweden-broschyr2015.pdf\" target=\"_blank\" rel=\"noopener\"><span style=\"color: #ffffff;\"><b>Season<\/b><\/span><\/a> j\u00e4rjestelm\u00e4\u00e4 k\u00e4ytet\u00e4\u00e4n ulkotiloissa terassin lasituksessa. Lue lis\u00e4\u00e4 lasiliukuovista sis\u00e4tiloihin linkin kautta <a href=\"https:\/\/www3.lund.fi\/wp-content\/uploads\/2025\/04\/MUTO.pdf\" target=\"_blank\" rel=\"noopener\"><span style=\"color: #ffffff;\"><b>Dorma Muto.<\/b><\/span><\/a><\/p>\n<table style=\"border-collapse: collapse; width: 100%;\">\n<tbody>\n<tr>\n<td style=\"width: 50%;\">\n<table style=\"border-collapse: collapse; width: 100%;\">\n<tbody>\n<tr>\n<td style=\"width: 25%;\"><a href=\"https:\/\/www3.lund.fi\/wp-content\/uploads\/2025\/04\/season-sweden-broschyr2015.pdf\" target=\"_blank\" rel=\"noopener\"><img decoding=\"async\" class=\"alignnone size-full wp-image-5331\" src=\"https:\/\/www3.lund.fi\/wp-content\/uploads\/2025\/04\/esite-.png\" alt=\"\" width=\"65\" height=\"80\" srcset=\"https:\/\/www.lund.fi\/wp-content\/uploads\/2025\/04\/esite--10x12.png 10w, https:\/\/www.lund.fi\/wp-content\/uploads\/2025\/04\/esite-.png 65w\" sizes=\"(max-width: 65px) 100vw, 65px\" \/><\/a><\/td>\n<td style=\"width: 25%;\"><a href=\"https:\/\/www3.lund.fi\/wp-content\/uploads\/2025\/04\/season-sweden-broschyr2015.pdf\" target=\"_blank\" rel=\"noopener\"><span style=\"color: #ffffff;\"><b>Season<\/b><\/span><\/a><\/td>\n<td style=\"width: 25%;\"><a href=\"https:\/\/www3.lund.fi\/wp-content\/uploads\/2025\/04\/MUTO.pdf\" target=\"_blank\" rel=\"noopener\"><img decoding=\"async\" class=\"alignnone size-full wp-image-5331\" src=\"https:\/\/www3.lund.fi\/wp-content\/uploads\/2025\/04\/esite-.png\" alt=\"\" width=\"65\" height=\"80\" srcset=\"https:\/\/www.lund.fi\/wp-content\/uploads\/2025\/04\/esite--10x12.png 10w, https:\/\/www.lund.fi\/wp-content\/uploads\/2025\/04\/esite-.png 65w\" sizes=\"(max-width: 65px) 100vw, 65px\" \/><\/a><\/td>\n<td style=\"width: 25%;\"><a href=\"https:\/\/www3.lund.fi\/wp-content\/uploads\/2025\/04\/MUTO.pdf\" target=\"_blank\" rel=\"noopener\"><span style=\"color: #ffffff;\"><b>Dorma Muto<\/b><\/span><\/a><\/td>\n<\/tr>\n<\/tbody>\n<\/table>\n<\/td>\n<td style=\"width: 50%;\"><\/td>\n<\/tr>\n<\/tbody>\n<\/table>\n<\/div><\/div><\/div><\/div><\/div><div class=\"fusion-fullwidth fullwidth-box fusion-builder-row-3 fusion-flex-container has-pattern-background has-mask-background nonhundred-percent-fullwidth non-hundred-percent-height-scrolling\" style=\"--awb-border-radius-top-left:0px;--awb-border-radius-top-right:0px;--awb-border-radius-bottom-right:0px;--awb-border-radius-bottom-left:0px;--awb-flex-wrap:wrap;\" ><div class=\"fusion-builder-row fusion-row fusion-flex-align-items-flex-start fusion-flex-content-wrap\" style=\"max-width:1664px;margin-left: calc(-4% \/ 2 );margin-right: calc(-4% \/ 2 );\"><div class=\"fusion-layout-column fusion_builder_column fusion-builder-column-4 fusion_builder_column_1_1 1_1 fusion-flex-column\" style=\"--awb-bg-size:cover;--awb-width-large:100%;--awb-margin-top-large:0px;--awb-spacing-right-large:1.92%;--awb-margin-bottom-large:20px;--awb-spacing-left-large:1.92%;--awb-width-medium:100%;--awb-order-medium:0;--awb-spacing-right-medium:1.92%;--awb-spacing-left-medium:1.92%;--awb-width-small:100%;--awb-order-small:0;--awb-spacing-right-small:1.92%;--awb-spacing-left-small:1.92%;\"><div class=\"fusion-column-wrapper fusion-column-has-shadow fusion-flex-justify-content-flex-start fusion-content-layout-column\"><div class=\"awb-gallery-wrapper awb-gallery-wrapper-1 button-span-no\" style=\"--more-btn-alignment:center;\"><div style=\"margin:-1px;--awb-bordersize:0px;\" class=\"fusion-gallery fusion-gallery-container fusion-grid-5 fusion-columns-total-7 fusion-gallery-layout-grid fusion-gallery-1\"><div style=\"padding:1.5px;\" class=\"fusion-grid-column fusion-gallery-column fusion-gallery-column-5 hover-type-none\"><div class=\"fusion-gallery-image\"><a href=\"https:\/\/www.lund.fi\/wp-content\/uploads\/2026\/01\/mellanvaggar8.jpg\" rel=\"noreferrer\" data-rel=\"iLightbox[gallery_image_1]\" class=\"fusion-lightbox\" target=\"_self\"><img decoding=\"async\" src=\"https:\/\/www.lund.fi\/wp-content\/uploads\/2026\/01\/mellanvaggar8.jpg\" width=\"1200\" height=\"800\" alt=\"\" title=\"mellanvaggar8\" aria-label=\"mellanvaggar8\" class=\"img-responsive wp-image-5510\" srcset=\"https:\/\/www.lund.fi\/wp-content\/uploads\/2026\/01\/mellanvaggar8-200x133.jpg 200w, https:\/\/www.lund.fi\/wp-content\/uploads\/2026\/01\/mellanvaggar8-400x267.jpg 400w, https:\/\/www.lund.fi\/wp-content\/uploads\/2026\/01\/mellanvaggar8-600x400.jpg 600w, https:\/\/www.lund.fi\/wp-content\/uploads\/2026\/01\/mellanvaggar8-800x533.jpg 800w, https:\/\/www.lund.fi\/wp-content\/uploads\/2026\/01\/mellanvaggar8.jpg 1200w\" sizes=\"(min-width: 2200px) 100vw, (min-width: 999px) 319px, (min-width: 909px) 399px, (min-width: 820px) 532px, (min-width: 730px) 820px, (min-width: 640px) 730px, \" \/><\/a><\/div><\/div><div style=\"padding:1.5px;\" class=\"fusion-grid-column fusion-gallery-column fusion-gallery-column-5 hover-type-none\"><div class=\"fusion-gallery-image\"><a href=\"https:\/\/www.lund.fi\/wp-content\/uploads\/2026\/01\/mellanvaggar7.jpg\" rel=\"noreferrer\" data-rel=\"iLightbox[gallery_image_1]\" class=\"fusion-lightbox\" target=\"_self\"><img decoding=\"async\" src=\"https:\/\/www.lund.fi\/wp-content\/uploads\/2026\/01\/mellanvaggar7.jpg\" width=\"1200\" height=\"800\" alt=\"\" title=\"mellanvaggar7\" aria-label=\"mellanvaggar7\" class=\"img-responsive wp-image-5509\" srcset=\"https:\/\/www.lund.fi\/wp-content\/uploads\/2026\/01\/mellanvaggar7-200x133.jpg 200w, https:\/\/www.lund.fi\/wp-content\/uploads\/2026\/01\/mellanvaggar7-400x267.jpg 400w, https:\/\/www.lund.fi\/wp-content\/uploads\/2026\/01\/mellanvaggar7-600x400.jpg 600w, https:\/\/www.lund.fi\/wp-content\/uploads\/2026\/01\/mellanvaggar7-800x533.jpg 800w, https:\/\/www.lund.fi\/wp-content\/uploads\/2026\/01\/mellanvaggar7.jpg 1200w\" sizes=\"(min-width: 2200px) 100vw, (min-width: 999px) 319px, (min-width: 909px) 399px, (min-width: 820px) 532px, (min-width: 730px) 820px, (min-width: 640px) 730px, \" \/><\/a><\/div><\/div><div style=\"padding:1.5px;\" class=\"fusion-grid-column fusion-gallery-column fusion-gallery-column-5 hover-type-none\"><div class=\"fusion-gallery-image\"><a href=\"https:\/\/www.lund.fi\/wp-content\/uploads\/2026\/01\/skjutdorr1.jpg\" rel=\"noreferrer\" data-rel=\"iLightbox[gallery_image_1]\" class=\"fusion-lightbox\" target=\"_self\"><img decoding=\"async\" src=\"https:\/\/www.lund.fi\/wp-content\/uploads\/2026\/01\/skjutdorr1.jpg\" width=\"1200\" height=\"800\" alt=\"\" title=\"skjutdorr1\" aria-label=\"skjutdorr1\" class=\"img-responsive wp-image-5511\" srcset=\"https:\/\/www.lund.fi\/wp-content\/uploads\/2026\/01\/skjutdorr1-200x133.jpg 200w, https:\/\/www.lund.fi\/wp-content\/uploads\/2026\/01\/skjutdorr1-400x267.jpg 400w, https:\/\/www.lund.fi\/wp-content\/uploads\/2026\/01\/skjutdorr1-600x400.jpg 600w, https:\/\/www.lund.fi\/wp-content\/uploads\/2026\/01\/skjutdorr1-800x533.jpg 800w, https:\/\/www.lund.fi\/wp-content\/uploads\/2026\/01\/skjutdorr1.jpg 1200w\" sizes=\"(min-width: 2200px) 100vw, (min-width: 999px) 319px, (min-width: 909px) 399px, (min-width: 820px) 532px, (min-width: 730px) 820px, (min-width: 640px) 730px, \" \/><\/a><\/div><\/div><div style=\"padding:1.5px;\" class=\"fusion-grid-column fusion-gallery-column fusion-gallery-column-5 hover-type-none\"><div class=\"fusion-gallery-image\"><a href=\"https:\/\/www.lund.fi\/wp-content\/uploads\/2026\/01\/skjutdorr3.jpg\" rel=\"noreferrer\" data-rel=\"iLightbox[gallery_image_1]\" class=\"fusion-lightbox\" target=\"_self\"><img decoding=\"async\" src=\"https:\/\/www.lund.fi\/wp-content\/uploads\/2026\/01\/skjutdorr3.jpg\" width=\"1200\" height=\"800\" alt=\"\" title=\"skjutdorr3\" aria-label=\"skjutdorr3\" class=\"img-responsive wp-image-5513\" srcset=\"https:\/\/www.lund.fi\/wp-content\/uploads\/2026\/01\/skjutdorr3-200x133.jpg 200w, https:\/\/www.lund.fi\/wp-content\/uploads\/2026\/01\/skjutdorr3-400x267.jpg 400w, https:\/\/www.lund.fi\/wp-content\/uploads\/2026\/01\/skjutdorr3-600x400.jpg 600w, https:\/\/www.lund.fi\/wp-content\/uploads\/2026\/01\/skjutdorr3-800x533.jpg 800w, https:\/\/www.lund.fi\/wp-content\/uploads\/2026\/01\/skjutdorr3.jpg 1200w\" sizes=\"(min-width: 2200px) 100vw, (min-width: 999px) 319px, (min-width: 909px) 399px, (min-width: 820px) 532px, (min-width: 730px) 820px, (min-width: 640px) 730px, \" \/><\/a><\/div><\/div><div style=\"padding:1.5px;\" class=\"fusion-grid-column fusion-gallery-column fusion-gallery-column-5 hover-type-none\"><div class=\"fusion-gallery-image\"><a href=\"https:\/\/www.lund.fi\/wp-content\/uploads\/2026\/01\/skjutdorr2.jpg\" rel=\"noreferrer\" data-rel=\"iLightbox[gallery_image_1]\" class=\"fusion-lightbox\" target=\"_self\"><img decoding=\"async\" src=\"https:\/\/www.lund.fi\/wp-content\/uploads\/2026\/01\/skjutdorr2.jpg\" width=\"1200\" height=\"800\" alt=\"\" title=\"skjutdorr2\" aria-label=\"skjutdorr2\" class=\"img-responsive wp-image-5512\" srcset=\"https:\/\/www.lund.fi\/wp-content\/uploads\/2026\/01\/skjutdorr2-200x133.jpg 200w, https:\/\/www.lund.fi\/wp-content\/uploads\/2026\/01\/skjutdorr2-400x267.jpg 400w, https:\/\/www.lund.fi\/wp-content\/uploads\/2026\/01\/skjutdorr2-600x400.jpg 600w, https:\/\/www.lund.fi\/wp-content\/uploads\/2026\/01\/skjutdorr2-800x533.jpg 800w, https:\/\/www.lund.fi\/wp-content\/uploads\/2026\/01\/skjutdorr2.jpg 1200w\" sizes=\"(min-width: 2200px) 100vw, (min-width: 999px) 319px, (min-width: 909px) 399px, (min-width: 820px) 532px, (min-width: 730px) 820px, (min-width: 640px) 730px, \" \/><\/a><\/div><\/div><div class=\"clearfix\"><\/div><div style=\"padding:1.5px;\" class=\"fusion-grid-column fusion-gallery-column fusion-gallery-column-5 hover-type-none\"><div class=\"fusion-gallery-image\"><a href=\"https:\/\/www.lund.fi\/wp-content\/uploads\/2026\/01\/bastu9.jpg\" rel=\"noreferrer\" data-rel=\"iLightbox[gallery_image_1]\" class=\"fusion-lightbox\" target=\"_self\"><img decoding=\"async\" src=\"https:\/\/www.lund.fi\/wp-content\/uploads\/2026\/01\/bastu9.jpg\" width=\"1200\" height=\"800\" alt=\"\" title=\"bastu9\" aria-label=\"bastu9\" class=\"img-responsive wp-image-5504\" srcset=\"https:\/\/www.lund.fi\/wp-content\/uploads\/2026\/01\/bastu9-200x133.jpg 200w, https:\/\/www.lund.fi\/wp-content\/uploads\/2026\/01\/bastu9-400x267.jpg 400w, https:\/\/www.lund.fi\/wp-content\/uploads\/2026\/01\/bastu9-600x400.jpg 600w, https:\/\/www.lund.fi\/wp-content\/uploads\/2026\/01\/bastu9-800x533.jpg 800w, https:\/\/www.lund.fi\/wp-content\/uploads\/2026\/01\/bastu9.jpg 1200w\" sizes=\"(min-width: 2200px) 100vw, (min-width: 999px) 319px, (min-width: 909px) 399px, (min-width: 820px) 532px, (min-width: 730px) 820px, (min-width: 640px) 730px, \" \/><\/a><\/div><\/div><div style=\"padding:1.5px;\" class=\"fusion-grid-column fusion-gallery-column fusion-gallery-column-5 hover-type-none\"><div class=\"fusion-gallery-image\"><a href=\"https:\/\/www.lund.fi\/wp-content\/uploads\/2026\/01\/bastu7.jpg\" rel=\"noreferrer\" data-rel=\"iLightbox[gallery_image_1]\" class=\"fusion-lightbox\" target=\"_self\"><img decoding=\"async\" src=\"https:\/\/www.lund.fi\/wp-content\/uploads\/2026\/01\/bastu7.jpg\" width=\"1200\" height=\"800\" alt=\"\" title=\"bastu7\" aria-label=\"bastu7\" class=\"img-responsive wp-image-5502\" srcset=\"https:\/\/www.lund.fi\/wp-content\/uploads\/2026\/01\/bastu7-200x133.jpg 200w, https:\/\/www.lund.fi\/wp-content\/uploads\/2026\/01\/bastu7-400x267.jpg 400w, https:\/\/www.lund.fi\/wp-content\/uploads\/2026\/01\/bastu7-600x400.jpg 600w, https:\/\/www.lund.fi\/wp-content\/uploads\/2026\/01\/bastu7-800x533.jpg 800w, https:\/\/www.lund.fi\/wp-content\/uploads\/2026\/01\/bastu7.jpg 1200w\" sizes=\"(min-width: 2200px) 100vw, (min-width: 999px) 319px, (min-width: 909px) 399px, (min-width: 820px) 532px, (min-width: 730px) 820px, (min-width: 640px) 730px, \" \/><\/a><\/div><\/div><\/div><\/div><\/div><\/div><\/div><\/div><\/p>","protected":false},"excerpt":{"rendered":"","protected":false},"author":1,"featured_media":0,"parent":3859,"menu_order":0,"comment_status":"closed","ping_status":"closed","template":"100-width.php","meta":{"footnotes":""},"class_list":["post-3735","page","type-page","status-publish","hentry"],"_links":{"self":[{"href":"https:\/\/www.lund.fi\/fi\/wp-json\/wp\/v2\/pages\/3735","targetHints":{"allow":["GET"]}}],"collection":[{"href":"https:\/\/www.lund.fi\/fi\/wp-json\/wp\/v2\/pages"}],"about":[{"href":"https:\/\/www.lund.fi\/fi\/wp-json\/wp\/v2\/types\/page"}],"author":[{"embeddable":true,"href":"https:\/\/www.lund.fi\/fi\/wp-json\/wp\/v2\/users\/1"}],"replies":[{"embeddable":true,"href":"https:\/\/www.lund.fi\/fi\/wp-json\/wp\/v2\/comments?post=3735"}],"version-history":[{"count":15,"href":"https:\/\/www.lund.fi\/fi\/wp-json\/wp\/v2\/pages\/3735\/revisions"}],"predecessor-version":[{"id":5541,"href":"https:\/\/www.lund.fi\/fi\/wp-json\/wp\/v2\/pages\/3735\/revisions\/5541"}],"up":[{"embeddable":true,"href":"https:\/\/www.lund.fi\/fi\/wp-json\/wp\/v2\/pages\/3859"}],"wp:attachment":[{"href":"https:\/\/www.lund.fi\/fi\/wp-json\/wp\/v2\/media?parent=3735"}],"curies":[{"name":"wp","href":"https:\/\/api.w.org\/{rel}","templated":true}]}}