{"id":3743,"date":"2025-02-24T15:36:03","date_gmt":"2025-02-24T13:36:03","guid":{"rendered":"https:\/\/www3.lund.fi\/?page_id=3743"},"modified":"2025-04-21T12:39:22","modified_gmt":"2025-04-21T09:39:22","slug":"service-och-tjanster","status":"publish","type":"page","link":"https:\/\/www.lund.fi\/fi\/glas\/service-och-tjanster\/","title":{"rendered":"Service och Tj\u00e4nster"},"content":{"rendered":"<p><div class=\"fusion-fullwidth fullwidth-box fusion-builder-row-1 fusion-flex-container has-pattern-background has-mask-background nonhundred-percent-fullwidth non-hundred-percent-height-scrolling fusion-no-small-visibility fusion-custom-z-index\" style=\"--awb-border-radius-top-left:0px;--awb-border-radius-top-right:0px;--awb-border-radius-bottom-right:0px;--awb-border-radius-bottom-left:0px;--awb-z-index:2;--awb-margin-top:3px;--awb-flex-wrap:wrap;\" ><div class=\"fusion-builder-row fusion-row fusion-flex-align-items-stretch fusion-flex-content-wrap\" style=\"max-width:calc( 1600px + 3px );margin-left: calc(-3px \/ 2 );margin-right: calc(-3px \/ 2 );\"><div class=\"fusion-layout-column fusion_builder_column fusion-builder-column-0 fusion_builder_column_1_2 1_2 fusion-flex-column\" style=\"--awb-bg-size:cover;--awb-width-large:50%;--awb-margin-top-large:0px;--awb-spacing-right-large:1.5px;--awb-margin-bottom-large:3px;--awb-spacing-left-large:1.5px;--awb-width-medium:50%;--awb-order-medium:0;--awb-spacing-right-medium:1.5px;--awb-spacing-left-medium:1.5px;--awb-width-small:100%;--awb-order-small:0;--awb-spacing-right-small:1.5px;--awb-spacing-left-small:1.5px;\" data-scroll-devices=\"small-visibility,medium-visibility,large-visibility\"><div class=\"fusion-column-wrapper fusion-column-has-shadow fusion-flex-justify-content-flex-start fusion-content-layout-column\"><div class=\"fusion-image-element\" style=\"--awb-caption-title-font-family:var(--h2_typography-font-family);--awb-caption-title-font-weight:var(--h2_typography-font-weight);--awb-caption-title-font-style:var(--h2_typography-font-style);--awb-caption-title-size:var(--h2_typography-font-size);--awb-caption-title-transform:var(--h2_typography-text-transform);--awb-caption-title-line-height:var(--h2_typography-line-height);--awb-caption-title-letter-spacing:var(--h2_typography-letter-spacing);\"><span class=\"fusion-imageframe imageframe-none imageframe-1 hover-type-none\"><img decoding=\"async\" width=\"1200\" height=\"800\" title=\"service-och-tj\u00e4nster\" src=\"https:\/\/www3.lund.fi\/wp-content\/uploads\/2025\/03\/service-och-tjanster.jpg\" alt class=\"img-responsive wp-image-4259\" srcset=\"https:\/\/www.lund.fi\/wp-content\/uploads\/2025\/03\/service-och-tjanster-200x133.jpg 200w, https:\/\/www.lund.fi\/wp-content\/uploads\/2025\/03\/service-och-tjanster-400x267.jpg 400w, https:\/\/www.lund.fi\/wp-content\/uploads\/2025\/03\/service-och-tjanster-600x400.jpg 600w, https:\/\/www.lund.fi\/wp-content\/uploads\/2025\/03\/service-och-tjanster-800x533.jpg 800w, https:\/\/www.lund.fi\/wp-content\/uploads\/2025\/03\/service-och-tjanster.jpg 1200w\" sizes=\"(max-width: 1046px) 100vw, 800px\" \/><\/span><\/div><\/div><\/div><div class=\"fusion-layout-column fusion_builder_column fusion-builder-column-1 fusion_builder_column_1_2 1_2 fusion-flex-column\" style=\"--awb-padding-top:35px;--awb-padding-right:65px;--awb-padding-bottom:35px;--awb-padding-left:65px;--awb-bg-color:#0e0e0e;--awb-bg-color-hover:#0e0e0e;--awb-bg-size:cover;--awb-width-large:50%;--awb-margin-top-large:0px;--awb-spacing-right-large:1.5px;--awb-margin-bottom-large:3px;--awb-spacing-left-large:1.5px;--awb-width-medium:50%;--awb-order-medium:0;--awb-spacing-right-medium:1.5px;--awb-spacing-left-medium:1.5px;--awb-width-small:100%;--awb-order-small:0;--awb-spacing-right-small:1.5px;--awb-spacing-left-small:1.5px;\" data-scroll-devices=\"small-visibility,medium-visibility,large-visibility\"><div class=\"fusion-column-wrapper fusion-column-has-shadow fusion-flex-justify-content-center fusion-content-layout-column\"><div class=\"fusion-text fusion-text-1\" style=\"--awb-font-size:52px;--awb-line-height:1;--awb-text-color:#ffffff;--awb-text-font-family:&quot;Oswald&quot;;--awb-text-font-style:normal;--awb-text-font-weight:700;\"><p style=\"text-align: left;\">HUOLTO<\/p>\n<\/div><div class=\"fusion-text fusion-text-2\" style=\"--awb-font-size:13px;--awb-line-height:1.2;--awb-text-color:#c5c5c5;--awb-text-font-family:&quot;Inclusive Sans&quot;;--awb-text-font-style:normal;--awb-text-font-weight:400;\"><p>Mit\u00e4 eri palveluja meill\u00e4 tarjottavana kategoriassa lasi ja muovi?<\/p>\n<ul>\n<li>ikkunakorjauksia verstaassa<\/li>\n<li>lasinvaihtoa kent\u00e4ll\u00e4<\/li>\n<li>lasien ja pelien kotiinkuljetus<\/li>\n<li>suunnittelu, mitoitus sek\u00e4 tarjouksien laskeminen eri lasiratkaisuilla mit\u00e4 meill\u00e4 tarjoilla<\/li>\n<li>r\u00e4\u00e4t\u00e4l\u00f6ityj\u00e4 ratkaisuja mm. kylpyhuoneeseen, terassiin ja parvekkeeseen<\/li>\n<li>varastolasin ja muovin leikkaus ja k\u00e4sittely, my\u00f6s mallin mukaan<\/li>\n<li>akryylin laaserileikkaus ja taivutus<\/li>\n<li>varastossa olevien alumiiniprofiilien leikkuu<\/li>\n<li>traktoriikkunoiden y.m. ikkunoiden leikkuu sek\u00e4 asennus (ei auton tuulilasi)<\/li>\n<\/ul>\n<\/div><\/div><\/div><\/div><\/div><div class=\"fusion-fullwidth fullwidth-box fusion-builder-row-2 fusion-flex-container has-pattern-background has-mask-background nonhundred-percent-fullwidth non-hundred-percent-height-scrolling fusion-no-medium-visibility fusion-no-large-visibility fusion-custom-z-index\" style=\"--awb-border-radius-top-left:0px;--awb-border-radius-top-right:0px;--awb-border-radius-bottom-right:0px;--awb-border-radius-bottom-left:0px;--awb-z-index:2;--awb-margin-top:3px;--awb-flex-wrap:wrap;\" ><div class=\"fusion-builder-row fusion-row fusion-flex-align-items-stretch fusion-flex-content-wrap\" style=\"max-width:calc( 1600px + 3px );margin-left: calc(-3px \/ 2 );margin-right: calc(-3px \/ 2 );\"><div class=\"fusion-layout-column fusion_builder_column fusion-builder-column-2 fusion_builder_column_1_2 1_2 fusion-flex-column\" style=\"--awb-bg-size:cover;--awb-width-large:50%;--awb-margin-top-large:0px;--awb-spacing-right-large:1.5px;--awb-margin-bottom-large:3px;--awb-spacing-left-large:1.5px;--awb-width-medium:50%;--awb-order-medium:0;--awb-spacing-right-medium:1.5px;--awb-spacing-left-medium:1.5px;--awb-width-small:100%;--awb-order-small:0;--awb-spacing-right-small:1.5px;--awb-spacing-left-small:1.5px;\" data-scroll-devices=\"small-visibility,medium-visibility,large-visibility\"><div class=\"fusion-column-wrapper fusion-column-has-shadow fusion-flex-justify-content-flex-start fusion-content-layout-column\"><div class=\"fusion-image-element\" style=\"--awb-caption-title-font-family:var(--h2_typography-font-family);--awb-caption-title-font-weight:var(--h2_typography-font-weight);--awb-caption-title-font-style:var(--h2_typography-font-style);--awb-caption-title-size:var(--h2_typography-font-size);--awb-caption-title-transform:var(--h2_typography-text-transform);--awb-caption-title-line-height:var(--h2_typography-line-height);--awb-caption-title-letter-spacing:var(--h2_typography-letter-spacing);\"><span class=\"fusion-imageframe imageframe-none imageframe-2 hover-type-none\"><img decoding=\"async\" width=\"1200\" height=\"800\" title=\"service-och-tj\u00e4nster\" src=\"https:\/\/www3.lund.fi\/wp-content\/uploads\/2025\/03\/service-och-tjanster.jpg\" alt class=\"img-responsive wp-image-4259\" srcset=\"https:\/\/www.lund.fi\/wp-content\/uploads\/2025\/03\/service-och-tjanster-200x133.jpg 200w, https:\/\/www.lund.fi\/wp-content\/uploads\/2025\/03\/service-och-tjanster-400x267.jpg 400w, https:\/\/www.lund.fi\/wp-content\/uploads\/2025\/03\/service-och-tjanster-600x400.jpg 600w, https:\/\/www.lund.fi\/wp-content\/uploads\/2025\/03\/service-och-tjanster-800x533.jpg 800w, https:\/\/www.lund.fi\/wp-content\/uploads\/2025\/03\/service-och-tjanster.jpg 1200w\" sizes=\"(max-width: 1046px) 100vw, 800px\" \/><\/span><\/div><\/div><\/div><div class=\"fusion-layout-column fusion_builder_column fusion-builder-column-3 fusion_builder_column_1_2 1_2 fusion-flex-column\" style=\"--awb-padding-top:25px;--awb-padding-right:25px;--awb-padding-bottom:25px;--awb-padding-left:25px;--awb-bg-color:#0e0e0e;--awb-bg-color-hover:#0e0e0e;--awb-bg-size:cover;--awb-width-large:50%;--awb-margin-top-large:0px;--awb-spacing-right-large:1.5px;--awb-margin-bottom-large:3px;--awb-spacing-left-large:1.5px;--awb-width-medium:50%;--awb-order-medium:0;--awb-spacing-right-medium:1.5px;--awb-spacing-left-medium:1.5px;--awb-width-small:100%;--awb-order-small:0;--awb-spacing-right-small:1.5px;--awb-spacing-left-small:1.5px;\" data-scroll-devices=\"small-visibility,medium-visibility,large-visibility\"><div class=\"fusion-column-wrapper fusion-column-has-shadow fusion-flex-justify-content-center fusion-content-layout-column\"><div class=\"fusion-text fusion-text-3\" style=\"--awb-font-size:24px;--awb-line-height:1;--awb-text-color:#ffffff;--awb-text-font-family:&quot;Oswald&quot;;--awb-text-font-style:normal;--awb-text-font-weight:700;\"><p style=\"text-align: left;\">HUOLTO<\/p>\n<\/div><div class=\"fusion-text fusion-text-4\" style=\"--awb-font-size:13px;--awb-line-height:1.2;--awb-text-color:#c5c5c5;--awb-text-font-family:&quot;Inclusive Sans&quot;;--awb-text-font-style:normal;--awb-text-font-weight:400;\"><p>Mit\u00e4 eri palveluja meill\u00e4 tarjottavana kategoriassa lasi ja muovi?<\/p>\n<ul>\n<li>ikkunakorjauksia verstaassa<\/li>\n<li>lasinvaihtoa kent\u00e4ll\u00e4<\/li>\n<li>lasien ja pelien kotiinkuljetus<\/li>\n<li>suunnittelu, mitoitus sek\u00e4 tarjouksien laskeminen eri lasiratkaisuilla mit\u00e4 meill\u00e4 tarjoilla<\/li>\n<li>r\u00e4\u00e4t\u00e4l\u00f6ityj\u00e4 ratkaisuja mm. kylpyhuoneeseen, terassiin ja parvekkeeseen<\/li>\n<li>varastolasin ja muovin leikkaus ja k\u00e4sittely, my\u00f6s mallin mukaan<\/li>\n<li>akryylin laaserileikkaus ja taivutus<\/li>\n<li>varastossa olevien alumiiniprofiilien leikkuu<\/li>\n<li>traktoriikkunoiden y.m. ikkunoiden leikkuu sek\u00e4 asennus (ei auton tuulilasi)<\/li>\n<\/ul>\n<\/div><\/div><\/div><\/div><\/div><div class=\"fusion-fullwidth fullwidth-box fusion-builder-row-3 fusion-flex-container has-pattern-background has-mask-background nonhundred-percent-fullwidth non-hundred-percent-height-scrolling\" style=\"--awb-border-radius-top-left:0px;--awb-border-radius-top-right:0px;--awb-border-radius-bottom-right:0px;--awb-border-radius-bottom-left:0px;--awb-flex-wrap:wrap;\" ><div class=\"fusion-builder-row fusion-row fusion-flex-align-items-flex-start fusion-flex-justify-content-center fusion-flex-content-wrap\" style=\"max-width:1664px;margin-left: calc(-4% \/ 2 );margin-right: calc(-4% \/ 2 );\"><div class=\"fusion-layout-column fusion_builder_column fusion-builder-column-4 fusion_builder_column_1_2 1_2 fusion-flex-column\" style=\"--awb-bg-size:cover;--awb-width-large:50%;--awb-margin-top-large:0px;--awb-spacing-right-large:3.84%;--awb-margin-bottom-large:20px;--awb-spacing-left-large:3.84%;--awb-width-medium:50%;--awb-order-medium:0;--awb-spacing-right-medium:3.84%;--awb-spacing-left-medium:3.84%;--awb-width-small:100%;--awb-order-small:0;--awb-spacing-right-small:1.92%;--awb-spacing-left-small:1.92%;\"><div class=\"fusion-column-wrapper fusion-column-has-shadow fusion-flex-justify-content-flex-start fusion-content-layout-column\"><div class=\"fusion-form fusion-form-builder fusion-form-form-wrapper fusion-form-4339\" style=\"--awb-tooltip-text-color:#edecec;--awb-tooltip-background-color:#333333;--awb-form-bg-color:#303030;--awb-form-placeholder-color:#565656;--awb-form-text-color:#edecec;--awb-form-label-color:#edecec;--awb-form-border-color:rgba(255,255,255,0);--awb-form-focus-border-color:#edecec;--awb-form-focus-border-hover-color:rgba(237,236,236,0.5);\" data-form-id=\"4339\" data-config=\"{&quot;form_id&quot;:&quot;4339&quot;,&quot;form_post_id&quot;:&quot;4339&quot;,&quot;post_id&quot;:3743,&quot;form_type&quot;:&quot;ajax&quot;,&quot;confirmation_type&quot;:&quot;message&quot;,&quot;redirect_url&quot;:&quot;&quot;,&quot;field_labels&quot;:{&quot;namn&quot;:&quot;Namn&quot;,&quot;telefonnummer&quot;:&quot;Telefonnummer&quot;,&quot;e-post&quot;:&quot;E-post&quot;,&quot;amne&quot;:&quot;\\u00c4mne&quot;,&quot;meddelande&quot;:&quot;Meddelande&quot;},&quot;field_logics&quot;:{&quot;namn&quot;:&quot;&quot;,&quot;telefonnummer&quot;:&quot;&quot;,&quot;e-post&quot;:&quot;&quot;,&quot;amne&quot;:&quot;&quot;,&quot;meddelande&quot;:&quot;&quot;,&quot;notice_1&quot;:&quot;&quot;},&quot;field_types&quot;:{&quot;namn&quot;:&quot;text&quot;,&quot;telefonnummer&quot;:&quot;text&quot;,&quot;e-post&quot;:&quot;email&quot;,&quot;amne&quot;:&quot;text&quot;,&quot;meddelande&quot;:&quot;textarea&quot;,&quot;recaptcha_1&quot;:&quot;recaptcha&quot;,&quot;submit_1&quot;:&quot;submit&quot;,&quot;notice_1&quot;:&quot;notice&quot;},&quot;nonce_method&quot;:&quot;ajax&quot;}\"><form action=\"https:\/\/www.lund.fi\/fi\/glas\/service-och-tjanster\/\" method=\"post\" class=\"fusion-form fusion-form-4339\" data-trp-original-action=\"https:\/\/www.lund.fi\/fi\/glas\/service-och-tjanster\/\"><div class=\"fusion-fullwidth fullwidth-box fusion-builder-row-3-1 fusion-flex-container has-pattern-background has-mask-background nonhundred-percent-fullwidth non-hundred-percent-height-scrolling\" style=\"--awb-border-radius-top-left:0px;--awb-border-radius-top-right:0px;--awb-border-radius-bottom-right:0px;--awb-border-radius-bottom-left:0px;--awb-padding-top:75px;--awb-flex-wrap:wrap;\" ><div class=\"fusion-builder-row fusion-row fusion-flex-align-items-flex-start fusion-flex-content-wrap\" style=\"width:104% !important;max-width:104% !important;margin-left: calc(-4% \/ 2 );margin-right: calc(-4% \/ 2 );\"><div class=\"fusion-layout-column fusion_builder_column fusion-builder-column-5 fusion_builder_column_1_1 1_1 fusion-flex-column\" style=\"--awb-bg-size:cover;--awb-width-large:100%;--awb-margin-top-large:0px;--awb-spacing-right-large:1.92%;--awb-margin-bottom-large:20px;--awb-spacing-left-large:1.92%;--awb-width-medium:100%;--awb-order-medium:0;--awb-spacing-right-medium:1.92%;--awb-spacing-left-medium:1.92%;--awb-width-small:100%;--awb-order-small:0;--awb-spacing-right-small:1.92%;--awb-spacing-left-small:1.92%;\"><div class=\"fusion-column-wrapper fusion-column-has-shadow fusion-flex-justify-content-flex-start fusion-content-layout-column\"><div class=\"fusion-text fusion-text-5\" style=\"--awb-font-size:52px;--awb-line-height:1;--awb-text-color:#ffffff;--awb-text-font-family:&quot;Oswald&quot;;--awb-text-font-style:normal;--awb-text-font-weight:700;\"><p style=\"text-align: center;\">OTA YHTEYTT\u00c4<\/p>\n<\/div><div class=\"fusion-text fusion-text-6\" style=\"--awb-font-size:13px;--awb-line-height:1.2;--awb-text-color:#c5c5c5;--awb-text-font-family:&quot;Inclusive Sans&quot;;--awb-text-font-style:normal;--awb-text-font-weight:400;\"><p style=\"text-align: center;\">Haluatko lis\u00e4\u00e4tietoa meid\u00e4n tuotteistamme tai haluatko j\u00e4tt\u00e4\u00e4 tarjouspyynn\u00f6n? T\u00e4yt\u00e4 alla oleva lomake, niin olemme yhteydess\u00e4 sinuun mahdollisimman pian s\u00e4hk\u00f6postitse.<\/p>\n<\/div>\n<div class=\"fusion-form-field fusion-form-text-field fusion-form-label-above\" style=\"\" data-form-id=\"4339\"><div class=\"fusion-form-label-wrapper\"><label for=\"namn\">Nimi <abbr class=\"fusion-form-element-required\" title=\"required\">*<\/abbr><\/label><\/div><input type=\"text\" name=\"namn\" id=\"namn\" value=\"\"  class=\"fusion-form-input\" required=\"true\" aria-required=\"true\" data-holds-private-data=\"false\" minlength=\"0\"\/><\/div><div class=\"fusion-form-field fusion-form-text-field fusion-form-label-above\" style=\"\" data-form-id=\"4339\"><div class=\"fusion-form-label-wrapper\"><label for=\"telefonnummer\">Puhelinnumero<\/label><\/div><input type=\"text\" name=\"telefonnummer\" id=\"telefonnummer\" value=\"\"  class=\"fusion-form-input\" data-holds-private-data=\"false\" minlength=\"0\"\/><\/div><div class=\"fusion-form-field fusion-form-email-field fusion-form-label-above\" style=\"\" data-form-id=\"4339\"><div class=\"fusion-form-label-wrapper\"><label for=\"e-post\">s\u00e4hk\u00f6posti <abbr class=\"fusion-form-element-required\" title=\"required\">*<\/abbr><\/label><\/div><input type=\"email\" name=\"e-post\" id=\"e-post\" value=\"\"  class=\"fusion-form-input\" required=\"true\" aria-required=\"true\" data-holds-private-data=\"false\"\/><\/div><div class=\"fusion-form-field fusion-form-text-field fusion-form-label-above\" style=\"\" data-form-id=\"4339\"><div class=\"fusion-form-label-wrapper\"><label for=\"amne\">Aihe <abbr class=\"fusion-form-element-required\" title=\"required\">*<\/abbr><\/label><\/div><input type=\"text\" name=\"amne\" id=\"amne\" value=\"\"  class=\"fusion-form-input\" required=\"true\" aria-required=\"true\" data-holds-private-data=\"false\" minlength=\"0\"\/><\/div><div class=\"fusion-form-field fusion-form-textarea-field fusion-form-label-above\" style=\"\" data-form-id=\"4339\"><label for=\"meddelande\">Viesti <abbr class=\"fusion-form-element-required\" title=\"required\">*<\/abbr><\/label><textarea cols=\"40\"  minlength=\"0\"  rows=\"2\" tabindex=\"\" id=\"meddelande\" name=\"meddelande\" class=\"fusion-form-input\" required=\"true\" aria-required=\"true\" data-holds-private-data=\"false\"><\/textarea><\/div><div class=\"fusion-form-field fusion-form-recaptcha-field fusion-form-label-above\" style=\"\" data-form-id=\"4339\">\t\t\t\t<div class=\"form-creator-recaptcha\" >\n\t\t\t\t\t\t\t\t\t\t\t\t\t\t<div class=\"fusion-form-recaptcha-wrapper\">\n\t\t\t\t\t<div\n\t\t\t\t\t\tid=\"g-recaptcha-id-form-4339\"\n\t\t\t\t\t\tclass=\"awb-recaptcha-v2 fusion-form-recaptcha-v2\"\n\t\t\t\t\t\tdata-theme=\"dark\"\n\t\t\t\t\t\tdata-sitekey=\"6LfMfRorAAAAAI2SJgDQaib9s0kqPyQbSB2-r6HK\"\n\t\t\t\t\t\tdata-tabindex=\"\">\n\t\t\t\t\t<\/div>\n\t\t\t\t<\/div>\n\t\t\t\t\t\t\t\t\t\t\t<\/div>\n\t\t\t\t<\/div><div class=\"fusion-form-field fusion-form-submit-field fusion-form-label-above\" style=\"\" data-form-id=\"4339\"><div ><button type=\"submit\" class=\"fusion-button button-flat fusion-button-default-size button-custom fusion-button-default button-1 fusion-button-default-span  form-form-submit button-default fusion-has-button-gradient\" style=\"--button_accent_color:var(--awb-color1);--button_accent_hover_color:var(--awb-color1);--button_border_hover_color:var(--awb-color1);--button_gradient_top_color:#727272;--button_gradient_bottom_color:#757575;--button_gradient_top_color_hover:#000000;--button_gradient_bottom_color_hover:#000000;\" data-form-number=\"4339\" tabindex=\"\"><span class=\"fusion-button-text\">L\u00c4HET\u00c4<\/span><\/button><\/div><\/div><div class=\"form-submission-notices data-notice_1\" id=\"fusion-notices-1\"><div class=\"fusion-alert alert success alert-success fusion-alert-center fusion-form-response fusion-form-response-success awb-alert-native-link-color alert-dismissable awb-alert-close-boxed\" role=\"alert\"><div class=\"fusion-alert-content-wrapper\"><span class=\"alert-icon\"><i class=\"awb-icon-check-circle\" aria-hidden=\"true\"><\/i><\/span><span class=\"fusion-alert-content\">Kiitos viestist\u00e4si<\/span><\/div><button type=\"button\" class=\"close toggle-alert\" data-dismiss=\"alert\" aria-label=\"Close\">&times;<\/button><\/div><div class=\"fusion-alert alert error alert-danger fusion-alert-center fusion-form-response fusion-form-response-error awb-alert-native-link-color alert-dismissable awb-alert-close-boxed\" role=\"alert\"><div class=\"fusion-alert-content-wrapper\"><span class=\"alert-icon\"><i class=\"awb-icon-exclamation-triangle\" aria-hidden=\"true\"><\/i><\/span><span class=\"fusion-alert-content\">Oj, n\u00e5tt gick fel. Var god och testa igen om en stund<\/span><\/div><button type=\"button\" class=\"close toggle-alert\" data-dismiss=\"alert\" aria-label=\"Close\">&times;<\/button><\/div><\/div><\/div><\/div><\/div><\/div><input type=\"hidden\" name=\"fusion_privacy_store_ip_ua\" value=\"false\"><input type=\"hidden\" name=\"fusion_privacy_expiration_interval\" value=\"48\"><input type=\"hidden\" name=\"privacy_expiration_action\" value=\"anonymize\"><input type=\"hidden\" name=\"trp-form-language\" value=\"fi\"\/><\/form><\/div><\/div><\/div><\/div><\/div><\/p>","protected":false},"excerpt":{"rendered":"","protected":false},"author":1,"featured_media":0,"parent":3859,"menu_order":0,"comment_status":"closed","ping_status":"closed","template":"100-width.php","meta":{"footnotes":""},"class_list":["post-3743","page","type-page","status-publish","hentry"],"_links":{"self":[{"href":"https:\/\/www.lund.fi\/fi\/wp-json\/wp\/v2\/pages\/3743","targetHints":{"allow":["GET"]}}],"collection":[{"href":"https:\/\/www.lund.fi\/fi\/wp-json\/wp\/v2\/pages"}],"about":[{"href":"https:\/\/www.lund.fi\/fi\/wp-json\/wp\/v2\/types\/page"}],"author":[{"embeddable":true,"href":"https:\/\/www.lund.fi\/fi\/wp-json\/wp\/v2\/users\/1"}],"replies":[{"embeddable":true,"href":"https:\/\/www.lund.fi\/fi\/wp-json\/wp\/v2\/comments?post=3743"}],"version-history":[{"count":6,"href":"https:\/\/www.lund.fi\/fi\/wp-json\/wp\/v2\/pages\/3743\/revisions"}],"predecessor-version":[{"id":5395,"href":"https:\/\/www.lund.fi\/fi\/wp-json\/wp\/v2\/pages\/3743\/revisions\/5395"}],"up":[{"embeddable":true,"href":"https:\/\/www.lund.fi\/fi\/wp-json\/wp\/v2\/pages\/3859"}],"wp:attachment":[{"href":"https:\/\/www.lund.fi\/fi\/wp-json\/wp\/v2\/media?parent=3743"}],"curies":[{"name":"wp","href":"https:\/\/api.w.org\/{rel}","templated":true}]}}